{"id":3,"date":"2020-03-13T10:20:57","date_gmt":"2020-03-13T10:20:57","guid":{"rendered":"https:\/\/www.galeriamuy.com\/?page_id=3"},"modified":"2020-05-01T15:57:14","modified_gmt":"2020-05-01T15:57:14","slug":"politica-privacidad","status":"publish","type":"page","link":"https:\/\/www.galeriamuy.org\/tienda\/politica-privacidad\/","title":{"rendered":"Politica de Privacidad"},"content":{"rendered":"\n<p>La presente Pol\u00edtica de Privacidad establece los t\u00e9rminos en que Galer\u00eda MUY usa y protege la informaci\u00f3n que es proporcionada por sus usuarios al momento de utilizar su sitio web. Esta Galer\u00eda est\u00e1 comprometida con la seguridad de los datos de sus usuarios. Cuando le pedimos llenar los campos de informaci\u00f3n personal con la cual usted pueda ser identificado, lo hacemos asegurando que s\u00f3lo se emplear\u00e1 de acuerdo con los t\u00e9rminos de este documento. Sin embargo, esta Pol\u00edtica de Privacidad puede cambiar con el tiempo o ser actualizada por lo que le recomendamos y enfatizamos revisar continuamente esta p\u00e1gina para asegurarse que est\u00e1 de acuerdo con dichos cambios.<\/p>\n\n\n\n<p><strong>INFORMACI\u00d3N QUE ES\nRECOGIDA<\/strong><\/p>\n\n\n\n<p>Nuestro sitio web podr\u00e1 recoger informaci\u00f3n personal, por\nejemplo: Nombre, informaci\u00f3n de contacto como&nbsp;su direcci\u00f3n de correo\nelectr\u00f3nico e informaci\u00f3n demogr\u00e1fica. As\u00ed mismo cuando sea necesario podr\u00e1 ser\nrequerida informaci\u00f3n espec\u00edfica para procesar alg\u00fan pedido o realizar una\nentrega o facturaci\u00f3n.<\/p>\n\n\n\n<p><strong>USO DE LA INFORMACI\u00d3N\nRECOGIDA<\/strong><\/p>\n\n\n\n<p>Nuestro sitio web emplea la informaci\u00f3n con el fin de\nproporcionar el mejor servicio posible, particularmente para mantener un\nregistro de usuarios, de pedidos en caso que aplique, y mejorar nuestros\nservicios. &nbsp;Es posible que sean enviados correos electr\u00f3nicos\nperi\u00f3dicamente a trav\u00e9s de nuestro sitio con ofertas especiales, nuevas obras y\notra informaci\u00f3n publicitaria que consideremos relevante para usted o que pueda\nbrindarle alg\u00fan beneficio, estos correos electr\u00f3nicos ser\u00e1n enviados a la\ndirecci\u00f3n que usted proporcione y podr\u00e1n ser cancelados en cualquier momento.<\/p>\n\n\n\n<p>Galer\u00eda MUY est\u00e1 altamente comprometido para cumplir con el\ncompromiso de mantener su informaci\u00f3n segura. Usamos los sistemas m\u00e1s avanzados\ny los actualizamos constantemente para asegurarnos que no exista ning\u00fan acceso\nno autorizado.<\/p>\n\n\n\n<p><strong>COOKIES<\/strong><\/p>\n\n\n\n<p>Una cookie se refiere a un fichero que es enviado con la\nfinalidad de solicitar permiso para almacenarse en su ordenador, al aceptar\ndicho fichero se crea y la cookie sirve entonces para tener informaci\u00f3n\nrespecto al tr\u00e1fico web, y tambi\u00e9n facilita las futuras visitas a una web recurrente.\nOtra funci\u00f3n que tienen las cookies es que con ellas los sitios pueden\nreconocerte individualmente y por tanto brindarte el mejor servicio\npersonalizado de su web.<\/p>\n\n\n\n<p>Nuestro sitio web emplea las cookies para poder identificar\nlas p\u00e1ginas que son visitadas y su frecuencia. Esta informaci\u00f3n es empleada\n\u00fanicamente para an\u00e1lisis estad\u00edstico y despu\u00e9s la informaci\u00f3n se elimina de\nforma permanente. Usted puede eliminar las cookies en cualquier momento desde\nsu ordenador. Sin embargo, las cookies ayudan a proporcionar un mejor servicio de\nlos sitios web, est\u00e1s no dan acceso a informaci\u00f3n de su ordenador ni de usted,\na menos de que usted as\u00ed lo quiera y la proporcione directamente. Usted puede\naceptar o negar el uso de cookies, sin embargo, la mayor\u00eda de navegadores\naceptan cookies autom\u00e1ticamente pues sirve para tener un mejor servicio web.\nTambi\u00e9n usted puede cambiar la configuraci\u00f3n de su ordenador para declinar las\ncookies. Si se declinan es posible que no pueda utilizar algunos de nuestros\nservicios.<\/p>\n\n\n\n<p><strong>ENLACES A TERCEROS<\/strong><\/p>\n\n\n\n<p>Este sitio web pudiera contener enlaces a otros sitios que\npudieran ser de su inter\u00e9s. Una vez que usted de clic en estos enlaces y\nabandone nuestra p\u00e1gina, ya no tenemos control sobre al sitio al que es\nredirigido y por lo tanto no somos responsables de los t\u00e9rminos o privacidad ni\nde la protecci\u00f3n de sus datos en esos otros sitios terceros. Dichos sitios\nest\u00e1n sujetos a sus propias pol\u00edticas de privacidad por lo cual es recomendable\nque los consulte para confirmar que usted est\u00e1 de acuerdo con estas.<\/p>\n\n\n\n<p><strong>CONTROL DE SU\nINFORMACI\u00d3N PERSONAL<\/strong><\/p>\n\n\n\n<p>En cualquier momento usted puede restringir la recopilaci\u00f3n\no el uso de la informaci\u00f3n personal que es proporcionada a nuestro sitio\nweb.&nbsp; Cada vez que se le solicite rellenar un formulario, como el de alta\nde usuario, puede marcar o desmarcar la opci\u00f3n de recibir informaci\u00f3n por\ncorreo electr\u00f3nico. &nbsp;En caso de que haya marcado la opci\u00f3n de recibir\nnuestro bolet\u00edn o publicidad usted puede cancelarla en cualquier momento.<\/p>\n\n\n\n<p>Esta galer\u00eda no vender\u00e1, no ceder\u00e1 ni distribuir\u00e1 la\ninformaci\u00f3n personal que es recopilada sin su consentimiento, salvo que sea\nrequerido por un juez con un orden judicial.<\/p>\n\n\n\n<p>La Galer\u00eda MUY se reserva el derecho de cambiar los t\u00e9rminos\nde la presente Pol\u00edtica de Privacidad en cualquier momento.<\/p>\n","protected":false},"excerpt":{"rendered":"<p>La presente Pol\u00edtica de Privacidad establece los t\u00e9rminos en que Galer\u00eda MUY usa y protege la informaci\u00f3n que es proporcionada por sus usuarios al momento de utilizar su sitio web. Esta Galer\u00eda est\u00e1 comprometida con la seguridad de los datos de sus usuarios. Cuando le pedimos llenar los campos de informaci\u00f3n personal con la cual [&hellip;]<\/p>\n","protected":false},"author":1,"featured_media":0,"parent":0,"menu_order":0,"comment_status":"closed","ping_status":"closed","template":"","meta":{"footnotes":""},"class_list":["post-3","page","type-page","status-publish","hentry"],"blocksy_meta":{"styles_descriptor":{"styles":{"desktop":"","tablet":"","mobile":""},"google_fonts":[]}},"jetpack_sharing_enabled":true,"_links":{"self":[{"href":"https:\/\/www.galeriamuy.org\/tienda\/wp-json\/wp\/v2\/pages\/3","targetHints":{"allow":["GET"]}}],"collection":[{"href":"https:\/\/www.galeriamuy.org\/tienda\/wp-json\/wp\/v2\/pages"}],"about":[{"href":"https:\/\/www.galeriamuy.org\/tienda\/wp-json\/wp\/v2\/types\/page"}],"author":[{"embeddable":true,"href":"https:\/\/www.galeriamuy.org\/tienda\/wp-json\/wp\/v2\/users\/1"}],"replies":[{"embeddable":true,"href":"https:\/\/www.galeriamuy.org\/tienda\/wp-json\/wp\/v2\/comments?post=3"}],"version-history":[{"count":0,"href":"https:\/\/www.galeriamuy.org\/tienda\/wp-json\/wp\/v2\/pages\/3\/revisions"}],"wp:attachment":[{"href":"https:\/\/www.galeriamuy.org\/tienda\/wp-json\/wp\/v2\/media?parent=3"}],"curies":[{"name":"wp","href":"https:\/\/api.w.org\/{rel}","templated":true}]}}