{"id":1981,"date":"2023-06-09T23:34:15","date_gmt":"2023-06-09T23:34:15","guid":{"rendered":"https:\/\/www.galeriamuy.org\/tienda\/?post_type=product&#038;p=1981"},"modified":"2026-03-25T20:20:14","modified_gmt":"2026-03-25T20:20:14","slug":"upixan-kax-el-corazon-del-mundo","status":"publish","type":"product","link":"https:\/\/www.galeriamuy.org\/tienda\/producto\/upixan-kax-el-corazon-del-mundo\/","title":{"rendered":"Upixan K\u2019ax, El coraz\u00f3n del mundo | Kay\u00fam Ma&#8217;ax"},"content":{"rendered":"<p>\u00abLas mam\u00e1s son la madre tierra que abrazamos. Si no te abrazan, no vas a estar aqu\u00ed. El hombre que agarra la cerveza, \u00e9l es muy otro, sus pies se vuelven ra\u00edces; est\u00e1 equivocado porque no era de su costumbre. La ofrenda al jaguar, no est\u00e1 equivocado. El jaguar tiene ojos para mirar el coraz\u00f3n, mirar el mundo. Los dos armadillos: el primero trae ma\u00edz, dice &#8216;nosotros comemos el ma\u00edz.&#8217; El otro armadillo: &#8216;yo traigo la muestra del frijol, que es n\u00famero uno tambi\u00e9n, porque vivimos en la tierra. Se come con el ma\u00edz&#8217;.\u00bb &#8211; <em>Kay\u00fam Ma&#8217;ax<\/em><\/p>\n<p>Kay\u00fam Ma\u2019ax, artista maya\/lacand\u00f3n, naci\u00f3 en Naha, Ocosingo, Chiapas, M\u00e9xico en 1962. Autodidacta galardonado con el Premio Chiapas en 1992. Pinta con un ojo entrenado desde su nacimiento en el ambiente selv\u00e1tico, y una capacidad narrativa in\u00e9dita informada por la cosmovisi\u00f3n e historia local de Nah\u00e1 (poblaci\u00f3n de 250 personas) que tiene apenas unos 50 a\u00f1os de haberse \u201cabierto al mundo\u201d.\u00a0<a href=\"https:\/\/www.galeriamuy.org\/artistas\/kayum-maax\/\" target=\"_blank\" rel=\"noopener\">Ver m\u00e1s.<\/a><\/p>\n","protected":false},"excerpt":{"rendered":"<p>\u00d3leo sobre tela<br \/>\n100 x 150 cm<br \/>\n2015<\/p>\n<p>\u00abEl coraz\u00f3n da la vida a todo el mundo, el sol nos da luz. El se\u00f1or (a la izquierda) es Bor, el abuelo. Pide al se\u00f1or del mundo y el se\u00f1or toma el aspecto de una persona chiquita que reza por la costumbre y hace su ceremonia. Vino un r\u00edo y el agua entr\u00f3 en la olla que tiene alcohol, toca sus pies y vuelve a salir otra vez. Son l\u00e1grimas. Las madres abrazan.\u00bb <span style=\"color: #808000;\"><strong><em>Sigue abajo.<\/em><\/strong><\/span><\/p>\n<p>&nbsp;<\/p>\n","protected":false},"featured_media":1983,"template":"","meta":[],"product_brand":[],"product_cat":[31],"product_tag":[73],"class_list":{"0":"post-1981","1":"product","2":"type-product","3":"status-publish","4":"has-post-thumbnail","6":"product_cat-pinturas","7":"product_tag-kayummaax","8":"product_shipping_class-diezkilo","10":"first","11":"instock","12":"sold-individually","13":"taxable","14":"shipping-taxable","15":"product-type-simple"},"jetpack_sharing_enabled":true,"_links":{"self":[{"href":"https:\/\/www.galeriamuy.org\/tienda\/wp-json\/wp\/v2\/product\/1981","targetHints":{"allow":["GET"]}}],"collection":[{"href":"https:\/\/www.galeriamuy.org\/tienda\/wp-json\/wp\/v2\/product"}],"about":[{"href":"https:\/\/www.galeriamuy.org\/tienda\/wp-json\/wp\/v2\/types\/product"}],"version-history":[{"count":1,"href":"https:\/\/www.galeriamuy.org\/tienda\/wp-json\/wp\/v2\/product\/1981\/revisions"}],"predecessor-version":[{"id":4690,"href":"https:\/\/www.galeriamuy.org\/tienda\/wp-json\/wp\/v2\/product\/1981\/revisions\/4690"}],"wp:featuredmedia":[{"embeddable":true,"href":"https:\/\/www.galeriamuy.org\/tienda\/wp-json\/wp\/v2\/media\/1983"}],"wp:attachment":[{"href":"https:\/\/www.galeriamuy.org\/tienda\/wp-json\/wp\/v2\/media?parent=1981"}],"wp:term":[{"taxonomy":"product_brand","embeddable":true,"href":"https:\/\/www.galeriamuy.org\/tienda\/wp-json\/wp\/v2\/product_brand?post=1981"},{"taxonomy":"product_cat","embeddable":true,"href":"https:\/\/www.galeriamuy.org\/tienda\/wp-json\/wp\/v2\/product_cat?post=1981"},{"taxonomy":"product_tag","embeddable":true,"href":"https:\/\/www.galeriamuy.org\/tienda\/wp-json\/wp\/v2\/product_tag?post=1981"}],"curies":[{"name":"wp","href":"https:\/\/api.w.org\/{rel}","templated":true}]}}