{"id":1993,"date":"2023-06-10T00:10:47","date_gmt":"2023-06-10T00:10:47","guid":{"rendered":"https:\/\/www.galeriamuy.org\/tienda\/?post_type=product&#038;p=1993"},"modified":"2024-07-22T21:06:59","modified_gmt":"2024-07-22T21:06:59","slug":"moneda-nacional","status":"publish","type":"product","link":"https:\/\/www.galeriamuy.org\/tienda\/producto\/moneda-nacional\/","title":{"rendered":"Moneda nacional | PH Joel"},"content":{"rendered":"<p>PH Joel, artista maya\/tseltal, naci\u00f3 en Ocosingo, Chiapas, M\u00e9xico en 1992. PH Joel o \u201cEl Fauno\u201d pintor e intelectual audaz, con consciencia ecol\u00f3gica-ambiental profunda, de libre exploraci\u00f3n de los significados personales y culturales de la vida de las ca\u00f1adas y la selva.\u00a0<a href=\"https:\/\/www.galeriamuy.org\/artistas\/ph-joel\/\" target=\"_blank\" rel=\"noopener\">Ver m\u00e1s.<\/a><\/p>\n","protected":false},"excerpt":{"rendered":"<p>Acr\u00edlico sobre tela<br \/>\n55 x 55 cm<br \/>\n2016<\/p>\n<p>\u00abExpreso una mirada cr\u00edtica de la econom\u00eda y c\u00f3mo los pueblos marginados est\u00e1n sujetos a ella, al intercambio de servicios y productos a trav\u00e9s del valor de la moneda. El ni\u00f1o representa a la poblaci\u00f3n infantil que sufre todos los efectos de esa crisis econ\u00f3mica sin derecho a elegir la situaci\u00f3n en la que viven. La moneda que represent\u00e9 es el reverso de la moneda de un peso y pongo en cuestionamiento su verdadero valor frente a las necesidades vitales de un ni\u00f1o, como la acci\u00f3n de comer.\u00bb &#8211; <em>PH Joel<\/em><\/p>\n","protected":false},"featured_media":1994,"template":"","meta":[],"product_brand":[],"product_cat":[31],"product_tag":[75],"class_list":{"0":"post-1993","1":"product","2":"type-product","3":"status-publish","4":"has-post-thumbnail","6":"product_cat-pinturas","7":"product_tag-phjoel","8":"product_shipping_class-treskilo","10":"first","11":"instock","12":"sold-individually","13":"taxable","14":"shipping-taxable","15":"product-type-simple"},"jetpack_sharing_enabled":true,"_links":{"self":[{"href":"https:\/\/www.galeriamuy.org\/tienda\/wp-json\/wp\/v2\/product\/1993","targetHints":{"allow":["GET"]}}],"collection":[{"href":"https:\/\/www.galeriamuy.org\/tienda\/wp-json\/wp\/v2\/product"}],"about":[{"href":"https:\/\/www.galeriamuy.org\/tienda\/wp-json\/wp\/v2\/types\/product"}],"version-history":[{"count":1,"href":"https:\/\/www.galeriamuy.org\/tienda\/wp-json\/wp\/v2\/product\/1993\/revisions"}],"predecessor-version":[{"id":4686,"href":"https:\/\/www.galeriamuy.org\/tienda\/wp-json\/wp\/v2\/product\/1993\/revisions\/4686"}],"wp:featuredmedia":[{"embeddable":true,"href":"https:\/\/www.galeriamuy.org\/tienda\/wp-json\/wp\/v2\/media\/1994"}],"wp:attachment":[{"href":"https:\/\/www.galeriamuy.org\/tienda\/wp-json\/wp\/v2\/media?parent=1993"}],"wp:term":[{"taxonomy":"product_brand","embeddable":true,"href":"https:\/\/www.galeriamuy.org\/tienda\/wp-json\/wp\/v2\/product_brand?post=1993"},{"taxonomy":"product_cat","embeddable":true,"href":"https:\/\/www.galeriamuy.org\/tienda\/wp-json\/wp\/v2\/product_cat?post=1993"},{"taxonomy":"product_tag","embeddable":true,"href":"https:\/\/www.galeriamuy.org\/tienda\/wp-json\/wp\/v2\/product_tag?post=1993"}],"curies":[{"name":"wp","href":"https:\/\/api.w.org\/{rel}","templated":true}]}}