{"id":2189,"date":"2023-07-17T16:50:46","date_gmt":"2023-07-17T16:50:46","guid":{"rendered":"https:\/\/www.galeriamuy.org\/tienda\/?post_type=product&#038;p=2189"},"modified":"2026-03-25T20:15:34","modified_gmt":"2026-03-25T20:15:34","slug":"kayum-maax-dios-del-rayo","status":"publish","type":"product","link":"https:\/\/www.galeriamuy.org\/tienda\/producto\/kayum-maax-dios-del-rayo\/","title":{"rendered":"Dios del rayo | Kay\u00fam Ma\u2019ax"},"content":{"rendered":"<p>Kay\u00fam Ma&#8217;ax, artista maya\/lacand\u00f3n, naci\u00f3 en Naha, Ocosingo, Chiapas, M\u00e9xico en 1962. Autodidacta galardonado con el Premio Chiapas en 1992. Pinta con un ojo entrenado desde su nacimiento en el ambiente selv\u00e1tico, y una capacidad narrativa in\u00e9dita informada por la cosmovisi\u00f3n e historia local de Nah\u00e1 (poblaci\u00f3n de 250 personas) que tiene apenas unos 50 a\u00f1os de haberse \u201cabierto al mundo\u201d. <a href=\"https:\/\/www.galeriamuy.org\/artistas\/kayum-maax\/\" target=\"_blank\" rel=\"noopener\">Ver m\u00e1s.<\/a><\/p>\n","protected":false},"excerpt":{"rendered":"<p>Acr\u00edlico sobre tela<br \/>\n100 x 80 cm<br \/>\n2021<\/p>\n","protected":false},"featured_media":2190,"template":"","meta":[],"product_brand":[],"product_cat":[31],"product_tag":[73],"class_list":{"0":"post-2189","1":"product","2":"type-product","3":"status-publish","4":"has-post-thumbnail","6":"product_cat-pinturas","7":"product_tag-kayummaax","8":"product_shipping_class-cincokilo","10":"first","11":"instock","12":"sold-individually","13":"taxable","14":"shipping-taxable","15":"product-type-simple"},"jetpack_sharing_enabled":true,"_links":{"self":[{"href":"https:\/\/www.galeriamuy.org\/tienda\/wp-json\/wp\/v2\/product\/2189","targetHints":{"allow":["GET"]}}],"collection":[{"href":"https:\/\/www.galeriamuy.org\/tienda\/wp-json\/wp\/v2\/product"}],"about":[{"href":"https:\/\/www.galeriamuy.org\/tienda\/wp-json\/wp\/v2\/types\/product"}],"version-history":[{"count":2,"href":"https:\/\/www.galeriamuy.org\/tienda\/wp-json\/wp\/v2\/product\/2189\/revisions"}],"predecessor-version":[{"id":5153,"href":"https:\/\/www.galeriamuy.org\/tienda\/wp-json\/wp\/v2\/product\/2189\/revisions\/5153"}],"wp:featuredmedia":[{"embeddable":true,"href":"https:\/\/www.galeriamuy.org\/tienda\/wp-json\/wp\/v2\/media\/2190"}],"wp:attachment":[{"href":"https:\/\/www.galeriamuy.org\/tienda\/wp-json\/wp\/v2\/media?parent=2189"}],"wp:term":[{"taxonomy":"product_brand","embeddable":true,"href":"https:\/\/www.galeriamuy.org\/tienda\/wp-json\/wp\/v2\/product_brand?post=2189"},{"taxonomy":"product_cat","embeddable":true,"href":"https:\/\/www.galeriamuy.org\/tienda\/wp-json\/wp\/v2\/product_cat?post=2189"},{"taxonomy":"product_tag","embeddable":true,"href":"https:\/\/www.galeriamuy.org\/tienda\/wp-json\/wp\/v2\/product_tag?post=2189"}],"curies":[{"name":"wp","href":"https:\/\/api.w.org\/{rel}","templated":true}]}}