{"id":2233,"date":"2023-07-18T18:18:09","date_gmt":"2023-07-18T18:18:09","guid":{"rendered":"https:\/\/www.galeriamuy.org\/tienda\/?post_type=product&#038;p=2233"},"modified":"2026-03-25T20:06:53","modified_gmt":"2026-03-25T20:06:53","slug":"kayum-maax-el-jaguar-cambia-de-color","status":"publish","type":"product","link":"https:\/\/www.galeriamuy.org\/tienda\/producto\/kayum-maax-el-jaguar-cambia-de-color\/","title":{"rendered":"El jaguar cambia de color | Kay\u00fam Ma\u2019ax"},"content":{"rendered":"<p>Kay\u00fam Ma\u2019ax, artista maya\/lacand\u00f3n, naci\u00f3 en Naha, Ocosingo, Chiapas, M\u00e9xico en 1962. Autodidacta galardonado con el Premio Chiapas en 1992. Pinta con un ojo entrenado desde su nacimiento en el ambiente selv\u00e1tico, y una capacidad narrativa in\u00e9dita informada por la cosmovisi\u00f3n e historia local de Nah\u00e1 (poblaci\u00f3n de 250 personas) que tiene apenas unos 50 a\u00f1os de haberse \u201cabierto al mundo\u201d.\u00a0<a href=\"https:\/\/www.galeriamuy.org\/artistas\/kayum-maax\/\" target=\"_blank\" rel=\"noopener\">Ver m\u00e1s.<\/a><\/p>\n","protected":false},"excerpt":{"rendered":"<p>Acr\u00edlico sobre tela<br \/>\n80 x 100 cm<br \/>\n2019<\/p>\n<p><span style=\"font-weight: 400;\">\u00abNo lo sab\u00eda lo que ten\u00eda que pasar en s\u00ed mismo. El jaguar de la selva de Naja. El jaguar cambia de color por la edad, por la sombra y la luz, cambi\u00f3 de un color negro. Ten\u00eda las manchas. El jaguar no quer\u00eda tener manchas en la ropa y por eso cambi\u00f3.\u00bb<\/span><i><span style=\"font-weight: 400;\"> &#8211; Kay\u00fam Ma\u2019ax<\/span><\/i><\/p>\n","protected":false},"featured_media":2234,"template":"","meta":[],"product_brand":[],"product_cat":[31],"product_tag":[73],"class_list":{"0":"post-2233","1":"product","2":"type-product","3":"status-publish","4":"has-post-thumbnail","6":"product_cat-pinturas","7":"product_tag-kayummaax","8":"product_shipping_class-cincokilo","10":"first","11":"instock","12":"sold-individually","13":"taxable","14":"shipping-taxable","15":"product-type-simple"},"jetpack_sharing_enabled":true,"_links":{"self":[{"href":"https:\/\/www.galeriamuy.org\/tienda\/wp-json\/wp\/v2\/product\/2233","targetHints":{"allow":["GET"]}}],"collection":[{"href":"https:\/\/www.galeriamuy.org\/tienda\/wp-json\/wp\/v2\/product"}],"about":[{"href":"https:\/\/www.galeriamuy.org\/tienda\/wp-json\/wp\/v2\/types\/product"}],"version-history":[{"count":1,"href":"https:\/\/www.galeriamuy.org\/tienda\/wp-json\/wp\/v2\/product\/2233\/revisions"}],"predecessor-version":[{"id":4664,"href":"https:\/\/www.galeriamuy.org\/tienda\/wp-json\/wp\/v2\/product\/2233\/revisions\/4664"}],"wp:featuredmedia":[{"embeddable":true,"href":"https:\/\/www.galeriamuy.org\/tienda\/wp-json\/wp\/v2\/media\/2234"}],"wp:attachment":[{"href":"https:\/\/www.galeriamuy.org\/tienda\/wp-json\/wp\/v2\/media?parent=2233"}],"wp:term":[{"taxonomy":"product_brand","embeddable":true,"href":"https:\/\/www.galeriamuy.org\/tienda\/wp-json\/wp\/v2\/product_brand?post=2233"},{"taxonomy":"product_cat","embeddable":true,"href":"https:\/\/www.galeriamuy.org\/tienda\/wp-json\/wp\/v2\/product_cat?post=2233"},{"taxonomy":"product_tag","embeddable":true,"href":"https:\/\/www.galeriamuy.org\/tienda\/wp-json\/wp\/v2\/product_tag?post=2233"}],"curies":[{"name":"wp","href":"https:\/\/api.w.org\/{rel}","templated":true}]}}