{"id":2239,"date":"2023-07-18T18:32:10","date_gmt":"2023-07-18T18:32:10","guid":{"rendered":"https:\/\/www.galeriamuy.org\/tienda\/?post_type=product&#038;p=2239"},"modified":"2026-03-25T20:17:26","modified_gmt":"2026-03-25T20:17:26","slug":"kayum-maax-no-molestes-quiero-vivir-jaguar","status":"publish","type":"product","link":"https:\/\/www.galeriamuy.org\/tienda\/producto\/kayum-maax-no-molestes-quiero-vivir-jaguar\/","title":{"rendered":"No molestes, quiero vivir, Jaguar | Kay\u00fam Ma\u2019ax"},"content":{"rendered":"<p>Kay\u00fam Ma\u2019ax, artista maya\/lacand\u00f3n, naci\u00f3 en Naha, Ocosingo, Chiapas, M\u00e9xico en 1962. Autodidacta galardonado con el Premio Chiapas en 1992. Pinta con un ojo entrenado desde su nacimiento en el ambiente selv\u00e1tico, y una capacidad narrativa in\u00e9dita informada por la cosmovisi\u00f3n e historia local de Nah\u00e1 (poblaci\u00f3n de 250 personas) que tiene apenas unos 50 a\u00f1os de haberse \u201cabierto al mundo\u201d.\u00a0<a href=\"https:\/\/www.galeriamuy.org\/artistas\/kayum-maax\/\" target=\"_blank\" rel=\"noopener\">Ver m\u00e1s.<\/a><\/p>\n<p>&nbsp;<\/p>\n","protected":false},"excerpt":{"rendered":"<p>Impresi\u00f3n digital en papel<br \/>\n77 x 65 cm<br \/>\n2015<\/p>\n<p><span style=\"font-weight: 400;\">\u00abEl perro est\u00e1 diciendo: &#8216;No molestes, quiero vivir, Jaguar&#8217;. <\/span><span style=\"font-weight: 400;\">Los Hach winik traen muchos perros, y los perros cazan tambi\u00e9n a los jaguares. Pero el jaguar no quiere matar a los perros, porque quiere vivir, no quiere comer el perro. <\/span><span style=\"font-weight: 400;\">\u00c9l quer\u00eda comer venado o hasta vaca, pero no perro.\u00a0<\/span><span style=\"font-weight: 400;\">Ellos van a la milpa, tienen varios perros, los perros ladran, el jaguar sube al \u00e1rbol, pero agarra al perro porque huele el olor.\u00bb <\/span><i><span style=\"font-weight: 400;\">&#8211; Kay\u00fam Ma\u2019ax<\/span><\/i><\/p>\n","protected":false},"featured_media":2240,"template":"","meta":[],"product_brand":[],"product_cat":[40],"product_tag":[73],"class_list":{"0":"post-2239","1":"product","2":"type-product","3":"status-publish","4":"has-post-thumbnail","6":"product_cat-impresiones","7":"product_tag-kayummaax","8":"product_shipping_class-unkilo","10":"first","11":"instock","12":"taxable","13":"shipping-taxable","14":"product-type-simple"},"jetpack_sharing_enabled":true,"_links":{"self":[{"href":"https:\/\/www.galeriamuy.org\/tienda\/wp-json\/wp\/v2\/product\/2239","targetHints":{"allow":["GET"]}}],"collection":[{"href":"https:\/\/www.galeriamuy.org\/tienda\/wp-json\/wp\/v2\/product"}],"about":[{"href":"https:\/\/www.galeriamuy.org\/tienda\/wp-json\/wp\/v2\/types\/product"}],"version-history":[{"count":2,"href":"https:\/\/www.galeriamuy.org\/tienda\/wp-json\/wp\/v2\/product\/2239\/revisions"}],"predecessor-version":[{"id":5154,"href":"https:\/\/www.galeriamuy.org\/tienda\/wp-json\/wp\/v2\/product\/2239\/revisions\/5154"}],"wp:featuredmedia":[{"embeddable":true,"href":"https:\/\/www.galeriamuy.org\/tienda\/wp-json\/wp\/v2\/media\/2240"}],"wp:attachment":[{"href":"https:\/\/www.galeriamuy.org\/tienda\/wp-json\/wp\/v2\/media?parent=2239"}],"wp:term":[{"taxonomy":"product_brand","embeddable":true,"href":"https:\/\/www.galeriamuy.org\/tienda\/wp-json\/wp\/v2\/product_brand?post=2239"},{"taxonomy":"product_cat","embeddable":true,"href":"https:\/\/www.galeriamuy.org\/tienda\/wp-json\/wp\/v2\/product_cat?post=2239"},{"taxonomy":"product_tag","embeddable":true,"href":"https:\/\/www.galeriamuy.org\/tienda\/wp-json\/wp\/v2\/product_tag?post=2239"}],"curies":[{"name":"wp","href":"https:\/\/api.w.org\/{rel}","templated":true}]}}