{"id":2257,"date":"2023-07-20T04:42:41","date_gmt":"2023-07-20T04:42:41","guid":{"rendered":"https:\/\/www.galeriamuy.org\/tienda\/?post_type=product&#038;p=2257"},"modified":"2026-03-24T21:34:47","modified_gmt":"2026-03-24T21:34:47","slug":"darwin-cruz-plenitud-en-la-luna-llena","status":"publish","type":"product","link":"https:\/\/www.galeriamuy.org\/tienda\/producto\/darwin-cruz-plenitud-en-la-luna-llena\/","title":{"rendered":"Plenitud en la luna llena | Darwin Cruz"},"content":{"rendered":"<p>Darwin Cruz, artista maya\/ch&#8217;ol, naci\u00f3 en 1990 en el municipio de Sabanilla, Chiapas, M\u00e9xico. Su trabajo creativo le ha proporcionado distintas participaciones individuales y colectivas a nivel local y nacional como \u201cMirar en Chiapas, artistas contempor\u00e1neos\u201d, exhibici\u00f3n y proyecto editorial que re\u00fane a artistas contempor\u00e1neos de este estado. Dedic\u00e1ndose tiempo completo al arte, muestra su obra en M\u00e9xico y en el extranjero. <a href=\"https:\/\/www.galeriamuy.org\/artistas\/darwin-cruz\/\" target=\"_blank\" rel=\"noopener\">Ver m\u00e1s.<\/a><\/p>\n","protected":false},"excerpt":{"rendered":"<p>\u00d3leo sobre tela<br \/>\n70 x 50 cm<br \/>\n2019<\/p>\n<p>&nbsp;<\/p>\n","protected":false},"featured_media":2255,"template":"","meta":[],"product_brand":[],"product_cat":[31],"product_tag":[61],"class_list":{"0":"post-2257","1":"product","2":"type-product","3":"status-publish","4":"has-post-thumbnail","6":"product_cat-pinturas","7":"product_tag-darwincruz","8":"product_shipping_class-treskilo","10":"first","11":"instock","12":"sold-individually","13":"taxable","14":"shipping-taxable","15":"product-type-simple"},"jetpack_sharing_enabled":true,"_links":{"self":[{"href":"https:\/\/www.galeriamuy.org\/tienda\/wp-json\/wp\/v2\/product\/2257","targetHints":{"allow":["GET"]}}],"collection":[{"href":"https:\/\/www.galeriamuy.org\/tienda\/wp-json\/wp\/v2\/product"}],"about":[{"href":"https:\/\/www.galeriamuy.org\/tienda\/wp-json\/wp\/v2\/types\/product"}],"version-history":[{"count":1,"href":"https:\/\/www.galeriamuy.org\/tienda\/wp-json\/wp\/v2\/product\/2257\/revisions"}],"predecessor-version":[{"id":4659,"href":"https:\/\/www.galeriamuy.org\/tienda\/wp-json\/wp\/v2\/product\/2257\/revisions\/4659"}],"wp:featuredmedia":[{"embeddable":true,"href":"https:\/\/www.galeriamuy.org\/tienda\/wp-json\/wp\/v2\/media\/2255"}],"wp:attachment":[{"href":"https:\/\/www.galeriamuy.org\/tienda\/wp-json\/wp\/v2\/media?parent=2257"}],"wp:term":[{"taxonomy":"product_brand","embeddable":true,"href":"https:\/\/www.galeriamuy.org\/tienda\/wp-json\/wp\/v2\/product_brand?post=2257"},{"taxonomy":"product_cat","embeddable":true,"href":"https:\/\/www.galeriamuy.org\/tienda\/wp-json\/wp\/v2\/product_cat?post=2257"},{"taxonomy":"product_tag","embeddable":true,"href":"https:\/\/www.galeriamuy.org\/tienda\/wp-json\/wp\/v2\/product_tag?post=2257"}],"curies":[{"name":"wp","href":"https:\/\/api.w.org\/{rel}","templated":true}]}}