{"id":2259,"date":"2023-07-20T04:49:18","date_gmt":"2023-07-20T04:49:18","guid":{"rendered":"https:\/\/www.galeriamuy.org\/tienda\/?post_type=product&#038;p=2259"},"modified":"2024-07-22T20:46:06","modified_gmt":"2024-07-22T20:46:06","slug":"raymundo-lopez-los-titeres","status":"publish","type":"product","link":"https:\/\/www.galeriamuy.org\/tienda\/producto\/raymundo-lopez-los-titeres\/","title":{"rendered":"Los t\u00edteres | Raymundo L\u00f3pez"},"content":{"rendered":"<p>Raymundo L\u00f3pez, artista maya\/tsotsil, naci\u00f3 en San Andr\u00e9s Larr\u00e1inzar, Chiapas, M\u00e9xico en 1989. Egresado de la escuela de arte UNICACH en Tuxtla Guti\u00e9rrez, es pintor y dibujante. Tambi\u00e9n es especialista en la iluminaci\u00f3n teatral para FOMMA, un grupo de actrices de habla tsotsil y tzeltal en San Crist\u00f3bal de Las Casas.\u00a0<a href=\"https:\/\/www.galeriamuy.org\/artistas\/raymundo-lopez\/\" target=\"_blank\" rel=\"noopener\">Ver m\u00e1s.<\/a><\/p>\n","protected":false},"excerpt":{"rendered":"<p>\u00d3leo sobre tela<br \/>\n70 x 50 cm<br \/>\n2021<\/p>\n<p><span style=\"font-weight: 400;\">\u00abSeg\u00fan la creencia de San Andr\u00e9s Larr\u00e1inzar, los m\u00fasicos (igual que cualquier otra persona que tenga cargo tradicional), todo lo que han aprendido de la m\u00fasica, Dios les ha dado. Ese don de que pueden tocar esos instrumentos y que son manejados a trav\u00e9s de la mano de Dios y los t\u00edteres son los personajes de San Andr\u00e9s Larr\u00e1inzar.\u00bb<\/span><i><span style=\"font-weight: 400;\"> &#8211; Raymundo L\u00f3pez<\/span><\/i><\/p>\n","protected":false},"featured_media":2260,"template":"","meta":[],"product_brand":[],"product_cat":[31],"product_tag":[72],"class_list":{"0":"post-2259","1":"product","2":"type-product","3":"status-publish","4":"has-post-thumbnail","6":"product_cat-pinturas","7":"product_tag-raymundolopez","8":"product_shipping_class-treskilo","10":"first","11":"instock","12":"sold-individually","13":"taxable","14":"shipping-taxable","15":"product-type-simple"},"jetpack_sharing_enabled":true,"_links":{"self":[{"href":"https:\/\/www.galeriamuy.org\/tienda\/wp-json\/wp\/v2\/product\/2259","targetHints":{"allow":["GET"]}}],"collection":[{"href":"https:\/\/www.galeriamuy.org\/tienda\/wp-json\/wp\/v2\/product"}],"about":[{"href":"https:\/\/www.galeriamuy.org\/tienda\/wp-json\/wp\/v2\/types\/product"}],"version-history":[{"count":1,"href":"https:\/\/www.galeriamuy.org\/tienda\/wp-json\/wp\/v2\/product\/2259\/revisions"}],"predecessor-version":[{"id":4658,"href":"https:\/\/www.galeriamuy.org\/tienda\/wp-json\/wp\/v2\/product\/2259\/revisions\/4658"}],"wp:featuredmedia":[{"embeddable":true,"href":"https:\/\/www.galeriamuy.org\/tienda\/wp-json\/wp\/v2\/media\/2260"}],"wp:attachment":[{"href":"https:\/\/www.galeriamuy.org\/tienda\/wp-json\/wp\/v2\/media?parent=2259"}],"wp:term":[{"taxonomy":"product_brand","embeddable":true,"href":"https:\/\/www.galeriamuy.org\/tienda\/wp-json\/wp\/v2\/product_brand?post=2259"},{"taxonomy":"product_cat","embeddable":true,"href":"https:\/\/www.galeriamuy.org\/tienda\/wp-json\/wp\/v2\/product_cat?post=2259"},{"taxonomy":"product_tag","embeddable":true,"href":"https:\/\/www.galeriamuy.org\/tienda\/wp-json\/wp\/v2\/product_tag?post=2259"}],"curies":[{"name":"wp","href":"https:\/\/api.w.org\/{rel}","templated":true}]}}