{"id":2321,"date":"2023-07-22T00:13:22","date_gmt":"2023-07-22T00:13:22","guid":{"rendered":"https:\/\/www.galeriamuy.org\/tienda\/?post_type=product&#038;p=2321"},"modified":"2024-01-15T15:27:13","modified_gmt":"2024-01-15T15:27:13","slug":"manuel-guzman-los-migrantes","status":"publish","type":"product","link":"https:\/\/www.galeriamuy.org\/tienda\/producto\/manuel-guzman-los-migrantes\/","title":{"rendered":"Los Migrantes | Manuel Guzm\u00e1n"},"content":{"rendered":"<p>Manuel Guzm\u00e1n, artista maya\/tseltal, naci\u00f3 en Chan\u00e1, Tenejapa, Chiapas, M\u00e9xico en 1964. Como Cat\u00f3lico, pinta con fervencia los sue\u00f1os y la historia m\u00edtica e hist\u00f3rica con una visi\u00f3n tradicional del pueblo bajo la mirada, protecci\u00f3n y en su ocasi\u00f3n desaprobaci\u00f3n por parte de los santos y Dios mismo.\u00a0<a href=\"https:\/\/www.galeriamuy.org\/artistas\/manuel-guzman\/\" target=\"_blank\" rel=\"noopener\">Ver m\u00e1s.<\/a><\/p>\n","protected":false},"excerpt":{"rendered":"<p>\u00d3leo sobre papel<br \/>\n12 x 16 cm<br \/>\n2021<\/p>\n","protected":false},"featured_media":2323,"template":"","meta":[],"product_brand":[],"product_cat":[31],"product_tag":[66],"class_list":{"0":"post-2321","1":"product","2":"type-product","3":"status-publish","4":"has-post-thumbnail","6":"product_cat-pinturas","7":"product_tag-manuelguzman","8":"product_shipping_class-unkilo","10":"first","11":"instock","12":"sold-individually","13":"taxable","14":"shipping-taxable","15":"purchasable","16":"product-type-simple"},"jetpack_sharing_enabled":true,"_links":{"self":[{"href":"https:\/\/www.galeriamuy.org\/tienda\/wp-json\/wp\/v2\/product\/2321","targetHints":{"allow":["GET"]}}],"collection":[{"href":"https:\/\/www.galeriamuy.org\/tienda\/wp-json\/wp\/v2\/product"}],"about":[{"href":"https:\/\/www.galeriamuy.org\/tienda\/wp-json\/wp\/v2\/types\/product"}],"version-history":[{"count":0,"href":"https:\/\/www.galeriamuy.org\/tienda\/wp-json\/wp\/v2\/product\/2321\/revisions"}],"wp:featuredmedia":[{"embeddable":true,"href":"https:\/\/www.galeriamuy.org\/tienda\/wp-json\/wp\/v2\/media\/2323"}],"wp:attachment":[{"href":"https:\/\/www.galeriamuy.org\/tienda\/wp-json\/wp\/v2\/media?parent=2321"}],"wp:term":[{"taxonomy":"product_brand","embeddable":true,"href":"https:\/\/www.galeriamuy.org\/tienda\/wp-json\/wp\/v2\/product_brand?post=2321"},{"taxonomy":"product_cat","embeddable":true,"href":"https:\/\/www.galeriamuy.org\/tienda\/wp-json\/wp\/v2\/product_cat?post=2321"},{"taxonomy":"product_tag","embeddable":true,"href":"https:\/\/www.galeriamuy.org\/tienda\/wp-json\/wp\/v2\/product_tag?post=2321"}],"curies":[{"name":"wp","href":"https:\/\/api.w.org\/{rel}","templated":true}]}}