{"id":3642,"date":"2023-11-07T19:29:57","date_gmt":"2023-11-07T19:29:57","guid":{"rendered":"https:\/\/www.galeriamuy.org\/tienda\/?post_type=product&#038;p=3642"},"modified":"2023-11-27T23:41:43","modified_gmt":"2023-11-27T23:41:43","slug":"playera-blanca-plumas-saul-kak","status":"publish","type":"product","link":"https:\/\/www.galeriamuy.org\/tienda\/producto\/playera-blanca-plumas-saul-kak\/","title":{"rendered":"Playera Blanca Plumas | Sa\u00fal Kak"},"content":{"rendered":"<p>Sa\u00fal Kak, artista zoque, naci\u00f3 en Esquipulas Guayabal, Ray\u00f3n, Chiapas, M\u00e9xico en 1985. Es artista con una pr\u00e1ctica multimedia, incluyendo obras de performance (como colaborador del colectivo EDELO), de cine (coautor de \u201cLa Selva Negra\u201d) y apasionado pintor, desde su formaci\u00f3n en la escuela de arte UNICACH en Tuxtla Guti\u00e9rrez, Chiapas.\u00a0<a href=\"https:\/\/www.galeriamuy.org\/artistas\/saul-kak\/\" target=\"_blank\" rel=\"noopener\">Ver m\u00e1s.<\/a><\/p>\n","protected":false},"excerpt":{"rendered":"<p>Playera blanca con estampa de Sa\u00fal Kak.<\/p>\n","protected":false},"featured_media":3645,"template":"","meta":[],"product_brand":[],"product_cat":[35],"product_tag":[],"class_list":{"0":"post-3642","1":"product","2":"type-product","3":"status-publish","4":"has-post-thumbnail","6":"product_cat-playeras","8":"first","9":"instock","10":"taxable","11":"shipping-taxable","12":"purchasable","13":"product-type-variable"},"jetpack_sharing_enabled":true,"_links":{"self":[{"href":"https:\/\/www.galeriamuy.org\/tienda\/wp-json\/wp\/v2\/product\/3642","targetHints":{"allow":["GET"]}}],"collection":[{"href":"https:\/\/www.galeriamuy.org\/tienda\/wp-json\/wp\/v2\/product"}],"about":[{"href":"https:\/\/www.galeriamuy.org\/tienda\/wp-json\/wp\/v2\/types\/product"}],"version-history":[{"count":0,"href":"https:\/\/www.galeriamuy.org\/tienda\/wp-json\/wp\/v2\/product\/3642\/revisions"}],"wp:featuredmedia":[{"embeddable":true,"href":"https:\/\/www.galeriamuy.org\/tienda\/wp-json\/wp\/v2\/media\/3645"}],"wp:attachment":[{"href":"https:\/\/www.galeriamuy.org\/tienda\/wp-json\/wp\/v2\/media?parent=3642"}],"wp:term":[{"taxonomy":"product_brand","embeddable":true,"href":"https:\/\/www.galeriamuy.org\/tienda\/wp-json\/wp\/v2\/product_brand?post=3642"},{"taxonomy":"product_cat","embeddable":true,"href":"https:\/\/www.galeriamuy.org\/tienda\/wp-json\/wp\/v2\/product_cat?post=3642"},{"taxonomy":"product_tag","embeddable":true,"href":"https:\/\/www.galeriamuy.org\/tienda\/wp-json\/wp\/v2\/product_tag?post=3642"}],"curies":[{"name":"wp","href":"https:\/\/api.w.org\/{rel}","templated":true}]}}