{"id":4121,"date":"2024-01-17T13:38:33","date_gmt":"2024-01-17T13:38:33","guid":{"rendered":"https:\/\/www.galeriamuy.org\/tienda\/?post_type=product&#038;p=4121"},"modified":"2026-04-14T20:34:06","modified_gmt":"2026-04-14T20:34:06","slug":"the-puppets-raymundo-lopez","status":"publish","type":"product","link":"https:\/\/www.galeriamuy.org\/tienda\/en\/producto\/the-puppets-raymundo-lopez\/","title":{"rendered":"The puppets | Raymundo L\u00f3pez"},"content":{"rendered":"<p>Raymundo L\u00f3pez, a Maya\/Tsotsil artist, was born in San Andr\u00e9s Larr\u00e1inzar, Chiapas, Mexico in 1989. A graduate of the UNICACH art school in Tuxtla Guti\u00e9rrez, he is a painter and draftsman. He is also a specialist in theatrical lighting for FOMMA, a group of Tsotsil and Tzeltal-speaking actresses in San Crist\u00f3bal de Las Casas.\u00a0<a href=\"https:\/\/www.galeriamuy.org\/en\/artists\/raymundo-lopez-2\/\" target=\"_blank\" rel=\"noopener\">Learn more.<\/a><\/p>\n","protected":false},"excerpt":{"rendered":"<p>Oil on canvas<br \/>\n70 x 50 cm<br \/>\n2021<\/p>\n<p><span style=\"font-weight: 400;\">\u00abAccording to the belief in San Andr\u00e9s Larr\u00e1inzar, musicians (like anyone else with a traditional role), everything they have learned about music, God has given them. That gift allows them to play those instruments, guided by the hand of God, and the puppets represent the characters of San Andr\u00e9s Larr\u00e1inzar.\u00bb<\/span><i><span style=\"font-weight: 400;\"> &#8211; Raymundo L\u00f3pez<\/span><\/i><\/p>\n","protected":false},"featured_media":2260,"template":"","meta":[],"product_brand":[],"product_cat":[167],"product_tag":[195],"class_list":{"0":"post-4121","1":"product","2":"type-product","3":"status-publish","4":"has-post-thumbnail","6":"product_cat-paintings","7":"product_tag-raymundo-lopez","8":"product_shipping_class-cincokilo-en","9":"product_shipping_class-diezkilo-en","10":"product_shipping_class-treskilo-en","11":"product_shipping_class-unkilo-en","13":"first","14":"instock","15":"sold-individually","16":"taxable","17":"shipping-taxable","18":"product-type-simple"},"jetpack_sharing_enabled":true,"_links":{"self":[{"href":"https:\/\/www.galeriamuy.org\/tienda\/wp-json\/wp\/v2\/product\/4121","targetHints":{"allow":["GET"]}}],"collection":[{"href":"https:\/\/www.galeriamuy.org\/tienda\/wp-json\/wp\/v2\/product"}],"about":[{"href":"https:\/\/www.galeriamuy.org\/tienda\/wp-json\/wp\/v2\/types\/product"}],"version-history":[{"count":1,"href":"https:\/\/www.galeriamuy.org\/tienda\/wp-json\/wp\/v2\/product\/4121\/revisions"}],"predecessor-version":[{"id":4570,"href":"https:\/\/www.galeriamuy.org\/tienda\/wp-json\/wp\/v2\/product\/4121\/revisions\/4570"}],"wp:featuredmedia":[{"embeddable":true,"href":"https:\/\/www.galeriamuy.org\/tienda\/wp-json\/wp\/v2\/media\/2260"}],"wp:attachment":[{"href":"https:\/\/www.galeriamuy.org\/tienda\/wp-json\/wp\/v2\/media?parent=4121"}],"wp:term":[{"taxonomy":"product_brand","embeddable":true,"href":"https:\/\/www.galeriamuy.org\/tienda\/wp-json\/wp\/v2\/product_brand?post=4121"},{"taxonomy":"product_cat","embeddable":true,"href":"https:\/\/www.galeriamuy.org\/tienda\/wp-json\/wp\/v2\/product_cat?post=4121"},{"taxonomy":"product_tag","embeddable":true,"href":"https:\/\/www.galeriamuy.org\/tienda\/wp-json\/wp\/v2\/product_tag?post=4121"}],"curies":[{"name":"wp","href":"https:\/\/api.w.org\/{rel}","templated":true}]}}