{"id":4173,"date":"2024-01-18T19:12:46","date_gmt":"2024-01-18T19:12:46","guid":{"rendered":"https:\/\/www.galeriamuy.org\/tienda\/?post_type=product&#038;p=4173"},"modified":"2024-01-18T19:30:30","modified_gmt":"2024-01-18T19:30:30","slug":"bag-civilized-man-white-ph-joel","status":"publish","type":"product","link":"https:\/\/www.galeriamuy.org\/tienda\/en\/producto\/bag-civilized-man-white-ph-joel\/","title":{"rendered":"Bag, Civilized Man (White) | PH Joel"},"content":{"rendered":"<p>PH Joel, artista maya\/tseltal, naci\u00f3 en Ocosingo, Chiapas, M\u00e9xico en 1992. PH Joel o \u201cEl Fauno\u201d pintor e intelectual audaz, con consciencia ecol\u00f3gica-ambiental profunda, de libre exploraci\u00f3n de los significados personales y culturales de la vida de las ca\u00f1adas y la selva.\u00a0<a href=\"https:\/\/www.galeriamuy.org\/artistas\/ph-joel\/\" target=\"_blank\" rel=\"noopener\">Ver m\u00e1s.<\/a><\/p>\n","protected":false},"excerpt":{"rendered":"<p>White bag with print of PH Joel.<\/p>\n","protected":false},"featured_media":3662,"template":"","meta":[],"product_brand":[],"product_cat":[153],"product_tag":[],"class_list":{"0":"post-4173","1":"product","2":"type-product","3":"status-publish","4":"has-post-thumbnail","6":"product_cat-bags-en","7":"product_shipping_class-cincokilo-en","8":"product_shipping_class-diezkilo-en","9":"product_shipping_class-treskilo-en","10":"product_shipping_class-unkilo-en","12":"first","13":"instock","14":"taxable","15":"shipping-taxable","16":"purchasable","17":"product-type-simple"},"jetpack_sharing_enabled":true,"_links":{"self":[{"href":"https:\/\/www.galeriamuy.org\/tienda\/wp-json\/wp\/v2\/product\/4173","targetHints":{"allow":["GET"]}}],"collection":[{"href":"https:\/\/www.galeriamuy.org\/tienda\/wp-json\/wp\/v2\/product"}],"about":[{"href":"https:\/\/www.galeriamuy.org\/tienda\/wp-json\/wp\/v2\/types\/product"}],"version-history":[{"count":0,"href":"https:\/\/www.galeriamuy.org\/tienda\/wp-json\/wp\/v2\/product\/4173\/revisions"}],"wp:featuredmedia":[{"embeddable":true,"href":"https:\/\/www.galeriamuy.org\/tienda\/wp-json\/wp\/v2\/media\/3662"}],"wp:attachment":[{"href":"https:\/\/www.galeriamuy.org\/tienda\/wp-json\/wp\/v2\/media?parent=4173"}],"wp:term":[{"taxonomy":"product_brand","embeddable":true,"href":"https:\/\/www.galeriamuy.org\/tienda\/wp-json\/wp\/v2\/product_brand?post=4173"},{"taxonomy":"product_cat","embeddable":true,"href":"https:\/\/www.galeriamuy.org\/tienda\/wp-json\/wp\/v2\/product_cat?post=4173"},{"taxonomy":"product_tag","embeddable":true,"href":"https:\/\/www.galeriamuy.org\/tienda\/wp-json\/wp\/v2\/product_tag?post=4173"}],"curies":[{"name":"wp","href":"https:\/\/api.w.org\/{rel}","templated":true}]}}