{"id":4968,"date":"2025-02-18T17:58:53","date_gmt":"2025-02-18T17:58:53","guid":{"rendered":"https:\/\/www.galeriamuy.org\/tienda\/?post_type=product&#038;p=4968"},"modified":"2025-02-18T18:00:36","modified_gmt":"2025-02-18T18:00:36","slug":"dygnojoch-playera","status":"publish","type":"product","link":"https:\/\/www.galeriamuy.org\/tienda\/producto\/dygnojoch-playera\/","title":{"rendered":"Dyg&#8217;nojoch- playera"},"content":{"rendered":"<div class=\"elementor-column elementor-col-50 elementor-inner-column elementor-element elementor-element-70c318cc\" data-id=\"70c318cc\" data-element_type=\"column\">\n<div class=\"elementor-widget-wrap elementor-element-populated\">\n<div class=\"elementor-element elementor-element-90489b5 elementor-align-center elementor-widget elementor-widget-button\" data-id=\"90489b5\" data-element_type=\"widget\" data-widget_type=\"button.default\">\n<div class=\"elementor-widget-container\"><\/div>\n<\/div>\n<div class=\"elementor-element elementor-element-a15ee7b elementor-widget elementor-widget-spacer\" data-id=\"a15ee7b\" data-element_type=\"widget\" data-widget_type=\"spacer.default\">\n<div class=\"elementor-widget-container\">\n<div class=\"elementor-spacer\">\n<div class=\"elementor-spacer-inner\">Yabteclum, Chenalh\u00f3, Chiapas, 1989.<\/div>\n<\/div>\n<\/div>\n<\/div>\n<\/div>\n<\/div>\n<div class=\"elementor-column elementor-col-50 elementor-inner-column elementor-element elementor-element-23cce29e\" data-id=\"23cce29e\" data-element_type=\"column\">\n<div class=\"elementor-widget-wrap elementor-element-populated\">\n<div class=\"elementor-element elementor-element-39854b43 elementor-widget elementor-widget-text-editor\" data-id=\"39854b43\" data-element_type=\"widget\" data-widget_type=\"text-editor.default\">\n<div class=\"elementor-widget-container\">\n<div class=\"wpb_text_column wpb_content_element \">\n<div class=\"wpb_wrapper\">\n<p>Como el viento en el cosmos al que hace alusi\u00f3n con su nombre art\u00edstico (Dyg\u2019 (iik), aire, viento; nojoch, gran, el todo, el cosmos), Dyg\u2019nojoch, muralista, se mueve por la comunidad, moldeando la realidad urbana a trav\u00e9s de su arte. Su colorida obra, que incluye ilustraci\u00f3n y graffiti, pasando por el arte del tatuaje, presenta una tem\u00e1tica espiritual, en la que la lucha e identidad de los pueblos originarios se mezcla con preocupaciones medioambientales como la explotaci\u00f3n de los recursos naturales. <a href=\"https:\/\/www.galeriamuy.org\/artistas\/dygnojoch\/\">Leer m\u00e1s<\/a><\/p>\n<\/div>\n<\/div>\n<\/div>\n<\/div>\n<\/div>\n<\/div>\n","protected":false},"excerpt":{"rendered":"<p>Playera blanca Dyg&#8217;nojoch<\/p>\n","protected":false},"featured_media":4969,"template":"","meta":[],"product_brand":[],"product_cat":[35],"product_tag":[225],"class_list":{"0":"post-4968","1":"product","2":"type-product","3":"status-publish","4":"has-post-thumbnail","6":"product_cat-playeras","7":"product_tag-dygnojoch-playera-1","8":"product_shipping_class-cincokilo","9":"product_shipping_class-diezkilo","10":"product_shipping_class-treskilo","11":"product_shipping_class-unkilo","13":"first","14":"instock","15":"taxable","16":"shipping-taxable","17":"purchasable","18":"product-type-variable"},"jetpack_sharing_enabled":true,"_links":{"self":[{"href":"https:\/\/www.galeriamuy.org\/tienda\/wp-json\/wp\/v2\/product\/4968","targetHints":{"allow":["GET"]}}],"collection":[{"href":"https:\/\/www.galeriamuy.org\/tienda\/wp-json\/wp\/v2\/product"}],"about":[{"href":"https:\/\/www.galeriamuy.org\/tienda\/wp-json\/wp\/v2\/types\/product"}],"version-history":[{"count":3,"href":"https:\/\/www.galeriamuy.org\/tienda\/wp-json\/wp\/v2\/product\/4968\/revisions"}],"predecessor-version":[{"id":4973,"href":"https:\/\/www.galeriamuy.org\/tienda\/wp-json\/wp\/v2\/product\/4968\/revisions\/4973"}],"wp:featuredmedia":[{"embeddable":true,"href":"https:\/\/www.galeriamuy.org\/tienda\/wp-json\/wp\/v2\/media\/4969"}],"wp:attachment":[{"href":"https:\/\/www.galeriamuy.org\/tienda\/wp-json\/wp\/v2\/media?parent=4968"}],"wp:term":[{"taxonomy":"product_brand","embeddable":true,"href":"https:\/\/www.galeriamuy.org\/tienda\/wp-json\/wp\/v2\/product_brand?post=4968"},{"taxonomy":"product_cat","embeddable":true,"href":"https:\/\/www.galeriamuy.org\/tienda\/wp-json\/wp\/v2\/product_cat?post=4968"},{"taxonomy":"product_tag","embeddable":true,"href":"https:\/\/www.galeriamuy.org\/tienda\/wp-json\/wp\/v2\/product_tag?post=4968"}],"curies":[{"name":"wp","href":"https:\/\/api.w.org\/{rel}","templated":true}]}}