{"id":4975,"date":"2025-02-18T18:16:13","date_gmt":"2025-02-18T18:16:13","guid":{"rendered":"https:\/\/www.galeriamuy.org\/tienda\/?post_type=product&#038;p=4975"},"modified":"2025-02-18T18:47:48","modified_gmt":"2025-02-18T18:47:48","slug":"maruch-mendez-playera","status":"publish","type":"product","link":"https:\/\/www.galeriamuy.org\/tienda\/producto\/maruch-mendez-playera\/","title":{"rendered":"Maruch M\u00e9ndez-playera"},"content":{"rendered":"<div class=\"elementor-column elementor-col-50 elementor-inner-column elementor-element elementor-element-70c318cc\" data-id=\"70c318cc\" data-element_type=\"column\">\n<div class=\"elementor-widget-wrap elementor-element-populated\">\n<div class=\"elementor-element elementor-element-90489b5 elementor-align-center elementor-widget elementor-widget-button\" data-id=\"90489b5\" data-element_type=\"widget\" data-widget_type=\"button.default\">\n<div class=\"elementor-widget-container\">\n<p>\u2019atixtik, San Juan Chamula, Chiapas, M\u00e9xico, 1957.<\/p>\n<p>Artisa de naturaleza profunda, sus obras son una conexi\u00f3n entre lo espiritual y material, una evocaci\u00f3n de un mundo h\u00edper-imaginario, donde se entrelaza la relaci\u00f3n hombre-naturaleza. Desde joven Maruch, comenz\u00f3 su pr\u00e1ctica art\u00edstica en retomar la terracota, en la creaci\u00f3n de objetos utilitarios y de usos tradicionales. <a href=\"https:\/\/www.galeriamuy.org\/artistas\/maruch-mendez\/\">Leer m\u00e1s<\/a><\/p>\n<\/div>\n<\/div>\n<\/div>\n<\/div>\n","protected":false},"excerpt":{"rendered":"<p>Playera blanca Dyg&#8217;nojoch<\/p>\n","protected":false},"featured_media":4976,"template":"","meta":[],"product_brand":[],"product_cat":[35],"product_tag":[227],"class_list":{"0":"post-4975","1":"product","2":"type-product","3":"status-publish","4":"has-post-thumbnail","6":"product_cat-playeras","7":"product_tag-maruch-mendez-playera","8":"product_shipping_class-cincokilo","9":"product_shipping_class-diezkilo","10":"product_shipping_class-treskilo","11":"product_shipping_class-unkilo","13":"first","14":"instock","15":"taxable","16":"shipping-taxable","17":"purchasable","18":"product-type-variable"},"jetpack_sharing_enabled":true,"_links":{"self":[{"href":"https:\/\/www.galeriamuy.org\/tienda\/wp-json\/wp\/v2\/product\/4975","targetHints":{"allow":["GET"]}}],"collection":[{"href":"https:\/\/www.galeriamuy.org\/tienda\/wp-json\/wp\/v2\/product"}],"about":[{"href":"https:\/\/www.galeriamuy.org\/tienda\/wp-json\/wp\/v2\/types\/product"}],"version-history":[{"count":3,"href":"https:\/\/www.galeriamuy.org\/tienda\/wp-json\/wp\/v2\/product\/4975\/revisions"}],"predecessor-version":[{"id":4980,"href":"https:\/\/www.galeriamuy.org\/tienda\/wp-json\/wp\/v2\/product\/4975\/revisions\/4980"}],"wp:featuredmedia":[{"embeddable":true,"href":"https:\/\/www.galeriamuy.org\/tienda\/wp-json\/wp\/v2\/media\/4976"}],"wp:attachment":[{"href":"https:\/\/www.galeriamuy.org\/tienda\/wp-json\/wp\/v2\/media?parent=4975"}],"wp:term":[{"taxonomy":"product_brand","embeddable":true,"href":"https:\/\/www.galeriamuy.org\/tienda\/wp-json\/wp\/v2\/product_brand?post=4975"},{"taxonomy":"product_cat","embeddable":true,"href":"https:\/\/www.galeriamuy.org\/tienda\/wp-json\/wp\/v2\/product_cat?post=4975"},{"taxonomy":"product_tag","embeddable":true,"href":"https:\/\/www.galeriamuy.org\/tienda\/wp-json\/wp\/v2\/product_tag?post=4975"}],"curies":[{"name":"wp","href":"https:\/\/api.w.org\/{rel}","templated":true}]}}